{"id":96,"date":"2022-01-23T10:13:27","date_gmt":"2022-01-23T09:13:27","guid":{"rendered":"http:\/\/fewo-homann.de\/?page_id=96"},"modified":"2026-03-07T17:39:54","modified_gmt":"2026-03-07T16:39:54","slug":"preise","status":"publish","type":"page","link":"http:\/\/fewo-homann.de\/?page_id=96","title":{"rendered":"Preise"},"content":{"rendered":"\n<p class=\"has-text-align-center\" style=\"font-size:30px\"><strong>Vorsaison:                    01.01. &#8211; 31.01.                    <\/strong><\/p>\n\n\n\n<p class=\"has-text-align-center\" style=\"font-size:30px\"><strong>45 \u20ac<\/strong><\/p>\n\n\n\n<p class=\"has-text-align-center\" style=\"font-size:30px\"><strong>Zwischensaison:          01.02. &#8211; 31.05.                   <\/strong><\/p>\n\n\n\n<p class=\"has-text-align-center\" style=\"font-size:30px\"><strong>55 \u20ac<\/strong><\/p>\n\n\n\n<p class=\"has-text-align-center\" style=\"font-size:30px\"><strong>Hauptsaison:               01.06. &#8211; 21.09.                   <\/strong><\/p>\n\n\n\n<p class=\"has-text-align-center\" style=\"font-size:30px\"><strong>90 \u20ac<\/strong><\/p>\n\n\n\n<p class=\"has-text-align-center\" style=\"font-size:30px\"><strong>Zwischensaison:        <\/strong> <strong> 22.09. &#8211; 30.11.                   <\/strong><\/p>\n\n\n\n<p class=\"has-text-align-center\" style=\"font-size:30px\"><strong>55 \u20ac<\/strong><\/p>\n\n\n\n<p class=\"has-text-align-center\" style=\"font-size:30px\"><strong>Vorsaison:                     01.12. &#8211; 31.12.                   <\/strong><\/p>\n\n\n\n<p class=\"has-text-align-center\" style=\"font-size:30px\"><strong>45 \u20ac<\/strong><\/p>\n\n\n\n<h2 class=\"wp-block-heading has-text-align-center\"><strong>Kosten f\u00fcr Handt\u00fccher und Bettw\u00e4sche: pro Person 20 Euro (zwingend notwendig)<\/strong><\/h2>\n\n\n\n<p><\/p>\n","protected":false},"excerpt":{"rendered":"<p>Vorsaison: 01.01. &#8211; 31.01. 45 \u20ac Zwischensaison: 01.02. &#8211; 31.05. 55 \u20ac Hauptsaison: 01.06. &#8211; 21.09. 90 \u20ac Zwischensaison: 22.09. &#8211; 30.11. 55 \u20ac Vorsaison: 01.12. &#8211; 31.12. 45 \u20ac Kosten f\u00fcr Handt\u00fccher und Bettw\u00e4sche: pro Person 20 Euro (zwingend notwendig)<\/p>\n","protected":false},"author":1,"featured_media":0,"parent":0,"menu_order":0,"comment_status":"closed","ping_status":"closed","template":"","meta":{"_uag_custom_page_level_css":"","footnotes":""},"class_list":["post-96","page","type-page","status-publish","hentry"],"uagb_featured_image_src":{"full":false,"thumbnail":false,"medium":false,"medium_large":false,"large":false,"1536x1536":false,"2048x2048":false,"twentyseventeen-featured-image":false,"twentyseventeen-thumbnail-avatar":false},"uagb_author_info":{"display_name":"Homy73","author_link":"http:\/\/fewo-homann.de\/?author=1"},"uagb_comment_info":0,"uagb_excerpt":"Vorsaison: 01.01. &#8211; 31.01. 45 \u20ac Zwischensaison: 01.02. &#8211; 31.05. 55 \u20ac Hauptsaison: 01.06. &#8211; 21.09. 90 \u20ac Zwischensaison: 22.09. &#8211; 30.11. 55 \u20ac Vorsaison: 01.12. &#8211; 31.12. 45 \u20ac Kosten f\u00fcr Handt\u00fccher und Bettw\u00e4sche: pro Person 20 Euro (zwingend notwendig)","_links":{"self":[{"href":"http:\/\/fewo-homann.de\/index.php?rest_route=\/wp\/v2\/pages\/96","targetHints":{"allow":["GET"]}}],"collection":[{"href":"http:\/\/fewo-homann.de\/index.php?rest_route=\/wp\/v2\/pages"}],"about":[{"href":"http:\/\/fewo-homann.de\/index.php?rest_route=\/wp\/v2\/types\/page"}],"author":[{"embeddable":true,"href":"http:\/\/fewo-homann.de\/index.php?rest_route=\/wp\/v2\/users\/1"}],"replies":[{"embeddable":true,"href":"http:\/\/fewo-homann.de\/index.php?rest_route=%2Fwp%2Fv2%2Fcomments&post=96"}],"version-history":[{"count":7,"href":"http:\/\/fewo-homann.de\/index.php?rest_route=\/wp\/v2\/pages\/96\/revisions"}],"predecessor-version":[{"id":195,"href":"http:\/\/fewo-homann.de\/index.php?rest_route=\/wp\/v2\/pages\/96\/revisions\/195"}],"wp:attachment":[{"href":"http:\/\/fewo-homann.de\/index.php?rest_route=%2Fwp%2Fv2%2Fmedia&parent=96"}],"curies":[{"name":"wp","href":"https:\/\/api.w.org\/{rel}","templated":true}]}}